{"id":2,"date":"2024-09-11T00:45:18","date_gmt":"2024-09-11T00:45:18","guid":{"rendered":"https:\/\/infocalservicios.com.bo\/sucre\/?page_id=2"},"modified":"2024-10-03T04:29:48","modified_gmt":"2024-10-03T04:29:48","slug":"pagina-ejemplo","status":"publish","type":"page","link":"https:\/\/infocalservicios.com.bo\/sucre\/","title":{"rendered":"Sucre Servicios Laborales"},"content":{"rendered":"\t\t<div data-elementor-type=\"wp-page\" data-elementor-id=\"2\" class=\"elementor elementor-2\" data-elementor-settings=\"{&quot;ha_cmc_init_switcher&quot;:&quot;no&quot;}\">\n\t\t\t\t\t\t<section class=\"elementor-section elementor-top-section elementor-element elementor-element-3b0a903 elementor-section-height-min-height elementor-section-full_width elementor-section-stretched elementor-section-height-default elementor-section-items-middle wpr-particle-no wpr-jarallax-no wpr-parallax-no wpr-sticky-section-no\" data-id=\"3b0a903\" data-element_type=\"section\" data-settings=\"{&quot;background_background&quot;:&quot;classic&quot;,&quot;stretch_section&quot;:&quot;section-stretched&quot;}\">\n\t\t\t\t\t\t\t<div class=\"elementor-background-overlay\"><\/div>\n\t\t\t\t\t\t\t<div class=\"elementor-container elementor-column-gap-default\">\n\t\t\t\t\t<div class=\"elementor-column elementor-col-100 elementor-top-column elementor-element elementor-element-9be63d8\" data-id=\"9be63d8\" data-element_type=\"column\" data-settings=\"{&quot;background_background&quot;:&quot;classic&quot;}\">\n\t\t\t<div class=\"elementor-widget-wrap\">\n\t\t\t\t\t\t\t<\/div>\n\t\t<\/div>\n\t\t\t\t\t<\/div>\n\t\t<\/section>\n\t\t<div class=\"elementor-element elementor-element-35c3c356 e-con-full elementor-hidden-desktop e-flex wpr-particle-no wpr-jarallax-no wpr-parallax-no wpr-sticky-section-no e-con e-parent\" data-id=\"35c3c356\" data-element_type=\"container\" data-settings=\"{&quot;_ha_eqh_enable&quot;:false}\">\n\t\t<div class=\"elementor-element elementor-element-78f92a56 e-flex e-con-boxed wpr-particle-no wpr-jarallax-no wpr-parallax-no wpr-sticky-section-no elementor-invisible e-con e-child\" data-id=\"78f92a56\" data-element_type=\"container\" data-settings=\"{&quot;background_background&quot;:&quot;gradient&quot;,&quot;animation&quot;:&quot;zoomIn&quot;,&quot;_ha_eqh_enable&quot;:false}\">\n\t\t\t\t\t<div class=\"e-con-inner\">\n\t\t\t\t<div class=\"elementor-element elementor-element-385d2ae ha-dual-button--align-center ha-dual-button--tablet-align-center ha-dual-button--mobile-align-center elementor-widget__width-initial elementor-widget-mobile__width-initial ha-dual-button--layout-queue ha-dual-button--tablet-layout-queue ha-dual-button--mobile-layout-queue elementor-widget elementor-widget-ha-dual-button happy-addon ha-dual-button\" data-id=\"385d2ae\" data-element_type=\"widget\" data-widget_type=\"ha-dual-button.default\">\n\t\t\t\t<div class=\"elementor-widget-container\">\n\t\t\t\t\t        <div class=\"ha-dual-btn-wrapper\">\n            <a class=\"ha-dual-btn ha-dual-btn--left\" href=\"\/bolsa-de-servicios\/\">\n                                                    <span >Servicios en toda Bolivia<\/span>\n                                            <\/a>\n                            <span class=\"ha-dual-btn-connector ha-dual-btn-connector--text\">\n                    U                <\/span>\n                    <\/div>\n        <div class=\"ha-dual-btn-wrapper\">\n            <a class=\"ha-dual-btn ha-dual-btn--right\" href=\"\/lapaz\/registro-de-oferentes-lp\/\">\n                                                    <span >Ofrecer servicios<\/span>\n                                            <\/a>\n        <\/div>\n        \t\t\t\t<\/div>\n\t\t\t\t<\/div>\n\t\t\t\t\t<\/div>\n\t\t\t\t<\/div>\n\t\t\t\t<\/div>\n\t\t<div class=\"elementor-element elementor-element-ec00745 e-flex e-con-boxed wpr-particle-no wpr-jarallax-no wpr-parallax-no wpr-sticky-section-no e-con e-parent\" data-id=\"ec00745\" data-element_type=\"container\" data-settings=\"{&quot;_ha_eqh_enable&quot;:false}\">\n\t\t\t\t\t<div class=\"e-con-inner\">\n\t\t\t\t<div class=\"elementor-element elementor-element-4a0a469 elementor-widget elementor-widget-heading\" data-id=\"4a0a469\" data-element_type=\"widget\" data-widget_type=\"heading.default\">\n\t\t\t\t<div class=\"elementor-widget-container\">\n\t\t\t\t\t<h2 class=\"elementor-heading-title elementor-size-default\">Bolsa de Servicios Chuquisaca<\/h2>\t\t\t\t<\/div>\n\t\t\t\t<\/div>\n\t\t\t\t<div class=\"elementor-element elementor-element-c1693cc elementor-widget elementor-widget-ha-lightbox happy-addon ha-lightbox\" data-id=\"c1693cc\" data-element_type=\"widget\" data-widget_type=\"ha-lightbox.default\">\n\t\t\t\t<div class=\"elementor-widget-container\">\n\t\t\t\t\t\t\t<a class=\"ha-lightbox-trigger ha-lightbox-btn\" data-elementor-open-lightbox=\"yes\" data-elementor-lightbox-slideshow=\"c1693cc\" data-elementor-lightbox-title=\"popup-bolsa-movil.jpg\" data-e-action-hash=\"#elementor-action%3Aaction%3Dlightbox%26settings%3DeyJpZCI6MTA3NSwidXJsIjoiaHR0cHM6XC9cL2luZm9jYWxzZXJ2aWNpb3MuY29tLmJvXC9zdWNyZVwvd3AtY29udGVudFwvdXBsb2Fkc1wvc2l0ZXNcLzExXC8yMDI0XC8xMFwvcG9wdXAtYm9sc2EtbW92aWwuanBnIiwic2xpZGVzaG93IjoiYzE2OTNjYyJ9\" href=\"https:\/\/infocalservicios.com.bo\/sucre\/wp-content\/uploads\/sites\/11\/2024\/10\/popup-bolsa-movil.jpg\" data-mfp-src=\"https:\/\/infocalservicios.com.bo\/sucre\/wp-content\/uploads\/sites\/11\/2024\/10\/popup-bolsa-movil.jpg\">\n\t\t\t\t\t\t\u00bfQue es la bolsa de servicios infocal?\t\t\t\t\t<\/a>\n\t\t\t\t\t\t<\/div>\n\t\t\t\t<\/div>\n\t\t\t\t\t<\/div>\n\t\t\t\t<\/div>\n\t\t<div class=\"elementor-element elementor-element-b816103 e-flex e-con-boxed wpr-particle-no wpr-jarallax-no wpr-parallax-no wpr-sticky-section-no e-con e-parent\" data-id=\"b816103\" data-element_type=\"container\" data-settings=\"{&quot;_ha_eqh_enable&quot;:false}\">\n\t\t\t\t\t<div class=\"e-con-inner\">\n\t\t\t\t<div class=\"elementor-element elementor-element-5babb70 elementor-widget elementor-widget-shortcode\" data-id=\"5babb70\" data-element_type=\"widget\" data-widget_type=\"shortcode.default\">\n\t\t\t\t<div class=\"elementor-widget-container\">\n\t\t\t\t\t\t\t<div class=\"elementor-shortcode\"><div class=\"asl_w_container asl_w_container_1\" data-id=\"1\" data-instance=\"1\">\n\t<div id='ajaxsearchlite1'\n\t\tdata-id=\"1\"\n\t\tdata-instance=\"1\"\n\t\tclass=\"asl_w asl_m asl_m_1 asl_m_1_1\">\n\t\t<div class=\"probox\">\n\n\t\n\t<div class='prosettings' style='display:none;' data-opened=0>\n\t\t\t\t<div class='innericon'>\n\t\t\t<svg version=\"1.1\" xmlns=\"http:\/\/www.w3.org\/2000\/svg\" xmlns:xlink=\"http:\/\/www.w3.org\/1999\/xlink\" x=\"0px\" y=\"0px\" width=\"22\" height=\"22\" viewBox=\"0 0 512 512\" enable-background=\"new 0 0 512 512\" xml:space=\"preserve\">\n\t\t\t\t\t<polygon transform = \"rotate(90 256 256)\" points=\"142.332,104.886 197.48,50 402.5,256 197.48,462 142.332,407.113 292.727,256 \"\/>\n\t\t\t\t<\/svg>\n\t\t<\/div>\n\t<\/div>\n\n\t\n\t\n\t<div class='proinput'>\n\t\t<form role=\"search\" action='#' autocomplete=\"off\"\n\t\t\t\taria-label=\"Search form\">\n\t\t\t<input aria-label=\"Search input\"\n\t\t\t\t\ttype='search' class='orig'\n\t\t\t\t\ttabindex=\"0\"\n\t\t\t\t\tname='phrase'\n\t\t\t\t\tplaceholder='Buscar servicios . . .'\n\t\t\t\t\tvalue=''\n\t\t\t\t\tautocomplete=\"off\"\/>\n\t\t\t<input aria-label=\"Search autocomplete\"\n\t\t\t\t\ttype='text'\n\t\t\t\t\tclass='autocomplete'\n\t\t\t\t\ttabindex=\"-1\"\n\t\t\t\t\tname='phrase'\n\t\t\t\t\tvalue=''\n\t\t\t\t\tautocomplete=\"off\" disabled\/>\n\t\t\t<input type='submit' value=\"Start search\" style='width:0; height: 0; visibility: hidden;'>\n\t\t<\/form>\n\t<\/div>\n\n\t\n\t\n\t<button class='promagnifier' tabindex=\"0\" aria-label=\"Search magnifier\">\n\t\t\t\t<span class='innericon' style=\"display:block;\">\n\t\t\t<svg version=\"1.1\" xmlns=\"http:\/\/www.w3.org\/2000\/svg\" xmlns:xlink=\"http:\/\/www.w3.org\/1999\/xlink\" x=\"0px\" y=\"0px\" width=\"22\" height=\"22\" viewBox=\"0 0 512 512\" enable-background=\"new 0 0 512 512\" xml:space=\"preserve\">\n\t\t\t\t\t<path d=\"M460.355,421.59L353.844,315.078c20.041-27.553,31.885-61.437,31.885-98.037\n\t\t\t\t\t\tC385.729,124.934,310.793,50,218.686,50C126.58,50,51.645,124.934,51.645,217.041c0,92.106,74.936,167.041,167.041,167.041\n\t\t\t\t\t\tc34.912,0,67.352-10.773,94.184-29.158L419.945,462L460.355,421.59z M100.631,217.041c0-65.096,52.959-118.056,118.055-118.056\n\t\t\t\t\t\tc65.098,0,118.057,52.959,118.057,118.056c0,65.096-52.959,118.056-118.057,118.056C153.59,335.097,100.631,282.137,100.631,217.041\n\t\t\t\t\t\tz\"\/>\n\t\t\t\t<\/svg>\n\t\t<\/span>\n\t<\/button>\n\n\t\n\t\n\t<div class='proloading'>\n\n\t\t<div class=\"asl_loader\"><div class=\"asl_loader-inner asl_simple-circle\"><\/div><\/div>\n\n\t\t\t<\/div>\n\n\t\t\t<div class='proclose'>\n\t\t\t<svg version=\"1.1\" xmlns=\"http:\/\/www.w3.org\/2000\/svg\" xmlns:xlink=\"http:\/\/www.w3.org\/1999\/xlink\" x=\"0px\"\n\t\t\t\ty=\"0px\"\n\t\t\t\twidth=\"12\" height=\"12\" viewBox=\"0 0 512 512\" enable-background=\"new 0 0 512 512\"\n\t\t\t\txml:space=\"preserve\">\n\t\t\t\t<polygon points=\"438.393,374.595 319.757,255.977 438.378,137.348 374.595,73.607 255.995,192.225 137.375,73.622 73.607,137.352 192.246,255.983 73.622,374.625 137.352,438.393 256.002,319.734 374.652,438.378 \"\/>\n\t\t\t<\/svg>\n\t\t<\/div>\n\t\n\t\n<\/div>\t<\/div>\n\t<div class='asl_data_container' style=\"display:none !important;\">\n\t\t<div class=\"asl_init_data wpdreams_asl_data_ct\"\n\tstyle=\"display:none !important;\"\n\tid=\"asl_init_id_1\"\n\tdata-asl-id=\"1\"\n\tdata-asl-instance=\"1\"\n\tdata-settings=\"{&quot;homeurl&quot;:&quot;https:\\\/\\\/infocalservicios.com.bo\\\/sucre\\\/&quot;,&quot;resultstype&quot;:&quot;vertical&quot;,&quot;resultsposition&quot;:&quot;hover&quot;,&quot;itemscount&quot;:4,&quot;charcount&quot;:0,&quot;highlight&quot;:&quot;0&quot;,&quot;highlightwholewords&quot;:1,&quot;singleHighlight&quot;:0,&quot;scrollToResults&quot;:{&quot;enabled&quot;:0,&quot;offset&quot;:0},&quot;resultareaclickable&quot;:1,&quot;autocomplete&quot;:{&quot;enabled&quot;:&quot;1&quot;,&quot;lang&quot;:&quot;en&quot;,&quot;trigger_charcount&quot;:0},&quot;mobile&quot;:{&quot;menu_selector&quot;:&quot;#menu-toggle&quot;},&quot;trigger&quot;:{&quot;click&quot;:&quot;results_page&quot;,&quot;click_location&quot;:&quot;same&quot;,&quot;update_href&quot;:false,&quot;return&quot;:&quot;results_page&quot;,&quot;return_location&quot;:&quot;same&quot;,&quot;facet&quot;:true,&quot;type&quot;:true,&quot;redirect_url&quot;:&quot;?s={phrase}&quot;,&quot;delay&quot;:300},&quot;animations&quot;:{&quot;pc&quot;:{&quot;settings&quot;:{&quot;anim&quot;:&quot;fadedrop&quot;,&quot;dur&quot;:300},&quot;results&quot;:{&quot;anim&quot;:&quot;fadedrop&quot;,&quot;dur&quot;:300},&quot;items&quot;:&quot;voidanim&quot;},&quot;mob&quot;:{&quot;settings&quot;:{&quot;anim&quot;:&quot;fadedrop&quot;,&quot;dur&quot;:300},&quot;results&quot;:{&quot;anim&quot;:&quot;fadedrop&quot;,&quot;dur&quot;:300},&quot;items&quot;:&quot;voidanim&quot;}},&quot;autop&quot;:{&quot;state&quot;:true,&quot;phrase&quot;:&quot;&quot;,&quot;count&quot;:&quot;1&quot;},&quot;resPage&quot;:{&quot;useAjax&quot;:false,&quot;selector&quot;:&quot;#main&quot;,&quot;trigger_type&quot;:true,&quot;trigger_facet&quot;:true,&quot;trigger_magnifier&quot;:false,&quot;trigger_return&quot;:false},&quot;resultsSnapTo&quot;:&quot;left&quot;,&quot;results&quot;:{&quot;width&quot;:&quot;auto&quot;,&quot;width_tablet&quot;:&quot;auto&quot;,&quot;width_phone&quot;:&quot;auto&quot;},&quot;settingsimagepos&quot;:&quot;right&quot;,&quot;closeOnDocClick&quot;:&quot;1&quot;,&quot;overridewpdefault&quot;:true,&quot;override_method&quot;:&quot;get&quot;}\"><\/div>\n\t<div id=\"asl_hidden_data\">\n\t\t<svg style=\"position:absolute\" height=\"0\" width=\"0\">\n\t\t\t<filter id=\"aslblur\">\n\t\t\t\t<feGaussianBlur in=\"SourceGraphic\" stdDeviation=\"4\"\/>\n\t\t\t<\/filter>\n\t\t<\/svg>\n\t\t<svg style=\"position:absolute\" height=\"0\" width=\"0\">\n\t\t\t<filter id=\"no_aslblur\"><\/filter>\n\t\t<\/svg>\n\t<\/div>\n\t<\/div>\n\n\t<div id='ajaxsearchliteres1'\n\tclass='vertical wpdreams_asl_results asl_w asl_r asl_r_1 asl_r_1_1'>\n\n\t\n\t<div class=\"results\">\n\n\t\t\n\t\t<div class=\"resdrg\">\n\t\t<\/div>\n\n\t\t\n\t<\/div>\n\n\t\n\t\n<\/div>\n\n\t<div id='__original__ajaxsearchlitesettings1'\n\t\tdata-id=\"1\"\n\t\tclass=\"searchsettings wpdreams_asl_settings asl_w asl_s asl_s_1\">\n\t\t<form name='options'\n\t\taria-label=\"Search settings form\"\n\t\tautocomplete = 'off'>\n\n\t\n\t\n\t<input type=\"hidden\" name=\"filters_changed\" style=\"display:none;\" value=\"0\">\n\t<input type=\"hidden\" name=\"filters_initial\" style=\"display:none;\" value=\"1\">\n\n\t<div class=\"asl_option_inner hiddend\">\n\t\t<input type='hidden' name='qtranslate_lang' id='qtranslate_lang'\n\t\t\t\tvalue='0'\/>\n\t<\/div>\n\n\t\n\t\n\t<fieldset class=\"asl_sett_scroll\">\n\t\t<legend style=\"display: none;\">Generic selectors<\/legend>\n\t\t<div class=\"asl_option\" tabindex=\"0\">\n\t\t\t<div class=\"asl_option_inner\">\n\t\t\t\t<input type=\"checkbox\" value=\"exact\"\n\t\t\t\t\t\taria-label=\"Exact matches only\"\n\t\t\t\t\t\tname=\"asl_gen[]\" \/>\n\t\t\t\t<div class=\"asl_option_checkbox\"><\/div>\n\t\t\t<\/div>\n\t\t\t<div class=\"asl_option_label\">\n\t\t\t\tExact matches only\t\t\t<\/div>\n\t\t<\/div>\n\t\t<div class=\"asl_option\" tabindex=\"0\">\n\t\t\t<div class=\"asl_option_inner\">\n\t\t\t\t<input type=\"checkbox\" value=\"title\"\n\t\t\t\t\t\taria-label=\"Search in title\"\n\t\t\t\t\t\tname=\"asl_gen[]\"  checked=\"checked\"\/>\n\t\t\t\t<div class=\"asl_option_checkbox\"><\/div>\n\t\t\t<\/div>\n\t\t\t<div class=\"asl_option_label\">\n\t\t\t\tSearch in title\t\t\t<\/div>\n\t\t<\/div>\n\t\t<div class=\"asl_option\" tabindex=\"0\">\n\t\t\t<div class=\"asl_option_inner\">\n\t\t\t\t<input type=\"checkbox\" value=\"content\"\n\t\t\t\t\t\taria-label=\"Search in content\"\n\t\t\t\t\t\tname=\"asl_gen[]\"  checked=\"checked\"\/>\n\t\t\t\t<div class=\"asl_option_checkbox\"><\/div>\n\t\t\t<\/div>\n\t\t\t<div class=\"asl_option_label\">\n\t\t\t\tSearch in content\t\t\t<\/div>\n\t\t<\/div>\n\t\t<div class=\"asl_option_inner hiddend\">\n\t\t\t<input type=\"checkbox\" value=\"excerpt\"\n\t\t\t\t\taria-label=\"Search in excerpt\"\n\t\t\t\t\tname=\"asl_gen[]\"  checked=\"checked\"\/>\n\t\t\t<div class=\"asl_option_checkbox\"><\/div>\n\t\t<\/div>\n\t<\/fieldset>\n\t<fieldset class=\"asl_sett_scroll\">\n\t\t<legend style=\"display: none;\">Post Type Selectors<\/legend>\n\t\t\t\t\t<div class=\"asl_option_inner hiddend\">\n\t\t\t\t<input type=\"checkbox\" value=\"post\"\n\t\t\t\t\t\taria-label=\"Hidden option, ignore please\"\n\t\t\t\t\t\tname=\"customset[]\" checked=\"checked\"\/>\n\t\t\t<\/div>\n\t\t\t\t<\/fieldset>\n\t<\/form>\n\t<\/div>\n<\/div>\n<\/div>\n\t\t\t\t\t\t<\/div>\n\t\t\t\t<\/div>\n\t\t\t\t<div class=\"elementor-element elementor-element-913b5b2 elementor-widget elementor-widget-shortcode\" data-id=\"913b5b2\" data-element_type=\"widget\" data-widget_type=\"shortcode.default\">\n\t\t\t\t<div class=\"elementor-widget-container\">\n\t\t\t\t\t\t\t<div class=\"elementor-shortcode\">\n    <form id=\"post-filter-form\">\n        <div>\n            <label for=\"category\">Categor\u00edas:<\/label>\n            <select id=\"category\" name=\"category\">\n                <option value=\"\">Selecciona una categor\u00eda<\/option>\n                                    <option value=\"SALUD\">SALUD<\/option>\n                                    <option value=\"GASTRONOMIA\">GASTRONOMIA<\/option>\n                                    <option value=\"MECANICA AUTOMOTRIZ\">MECANICA AUTOMOTRIZ<\/option>\n                                    <option value=\"MECANICO INDUSTRIAL\">MECANICO INDUSTRIAL<\/option>\n                                    <option value=\"INFORMATICA\">INFORMATICA<\/option>\n                                    <option value=\"PELUQUERIA Y COSMETOLOGIA\">PELUQUERIA Y COSMETOLOGIA<\/option>\n                                    <option value=\"EMPRESARIAL\">EMPRESARIAL<\/option>\n                                    <option value=\"COSTUREROS\">COSTUREROS<\/option>\n                            <\/select>\n        <\/div>\n\n        <div id=\"subcategory-wrapper\" style=\"display:none;\">\n            <label for=\"subcategory\">Especialidades:<\/label>\n            <select id=\"subcategory\" name=\"subcategory\">\n                <option value=\"\">Selecciona una especialidad<\/option>\n            <\/select>\n        <\/div>\n\n        <div>\n    <label for=\"tag\">Ciudad:<\/label>\n\n            <!-- Si $custom_city no est\u00e1 vac\u00eda, mostrar este select -->\n        <select id=\"custom_tag\" name=\"custom_tag\" disabled>\n            <option value=\"Sucre selected\">Sucre<\/option>\n        <\/select>\n    <\/div>\n\n\n        <div>\n            <button type=\"button\" id=\"reset-filter\">Ver Todo<\/button>\n        <\/div>\n    <\/form>\n    <div id=\"spinner\" class=\"spinner\" style=\"display: none;\">\n        <div class=\"bounce1\"><\/div>\n        <div class=\"bounce2\"><\/div>\n        <div class=\"bounce3\"><\/div>\n    <\/div>\n    <div id=\"post-filter-results\"><\/div>\n\n    <\/div>\n\t\t\t\t\t\t<\/div>\n\t\t\t\t<\/div>\n\t\t\t\t\t<\/div>\n\t\t\t\t<\/div>\n\t\t<div class=\"elementor-element elementor-element-4704e1bb0 e-con-full e-flex wpr-particle-no wpr-jarallax-no wpr-parallax-no wpr-sticky-section-no e-con e-parent\" data-id=\"4704e1bb0\" data-element_type=\"container\" data-settings=\"{&quot;background_background&quot;:&quot;classic&quot;,&quot;shape_divider_top&quot;:&quot;mountains&quot;,&quot;_ha_eqh_enable&quot;:false}\">\n\t\t\t\t<div class=\"elementor-shape elementor-shape-top\" data-negative=\"false\">\n\t\t\t<svg xmlns=\"http:\/\/www.w3.org\/2000\/svg\" viewBox=\"0 0 1000 100\" preserveAspectRatio=\"none\">\n\t<path class=\"elementor-shape-fill\" opacity=\"0.33\" d=\"M473,67.3c-203.9,88.3-263.1-34-320.3,0C66,119.1,0,59.7,0,59.7V0h1000v59.7 c0,0-62.1,26.1-94.9,29.3c-32.8,3.3-62.8-12.3-75.8-22.1C806,49.6,745.3,8.7,694.9,4.7S492.4,59,473,67.3z\"\/>\n\t<path class=\"elementor-shape-fill\" opacity=\"0.66\" d=\"M734,67.3c-45.5,0-77.2-23.2-129.1-39.1c-28.6-8.7-150.3-10.1-254,39.1 s-91.7-34.4-149.2,0C115.7,118.3,0,39.8,0,39.8V0h1000v36.5c0,0-28.2-18.5-92.1-18.5C810.2,18.1,775.7,67.3,734,67.3z\"\/>\n\t<path class=\"elementor-shape-fill\" d=\"M766.1,28.9c-200-57.5-266,65.5-395.1,19.5C242,1.8,242,5.4,184.8,20.6C128,35.8,132.3,44.9,89.9,52.5C28.6,63.7,0,0,0,0 h1000c0,0-9.9,40.9-83.6,48.1S829.6,47,766.1,28.9z\"\/>\n<\/svg>\t\t<\/div>\n\t\t<div class=\"elementor-element elementor-element-6a1d5dc e-con-full e-flex wpr-particle-no wpr-jarallax-no wpr-parallax-no wpr-sticky-section-no e-con e-child\" data-id=\"6a1d5dc\" data-element_type=\"container\" data-settings=\"{&quot;_ha_eqh_enable&quot;:false}\">\n\t\t\t\t<div class=\"elementor-element elementor-element-e5970b9 elementor-widget elementor-widget-heading\" data-id=\"e5970b9\" data-element_type=\"widget\" data-widget_type=\"heading.default\">\n\t\t\t\t<div class=\"elementor-widget-container\">\n\t\t\t\t\t<h3 class=\"elementor-heading-title elementor-size-default\">\u00danete a nuestra comunidad<\/h3>\t\t\t\t<\/div>\n\t\t\t\t<\/div>\n\t\t\t\t<div class=\"elementor-element elementor-element-58bdba2 ha-dual-button--layout-queue ha-dual-button--tablet-layout-queue ha-dual-button--mobile-layout-queue elementor-widget elementor-widget-ha-dual-button happy-addon ha-dual-button\" data-id=\"58bdba2\" data-element_type=\"widget\" data-widget_type=\"ha-dual-button.default\">\n\t\t\t\t<div class=\"elementor-widget-container\">\n\t\t\t\t\t        <div class=\"ha-dual-btn-wrapper\">\n            <a class=\"ha-dual-btn ha-dual-btn--left\" href=\"\/bolsa-de-servicios\/\">\n                                                    <span >Servicios en toda Bolivia<\/span>\n                                            <\/a>\n                            <span class=\"ha-dual-btn-connector ha-dual-btn-connector--text\">\n                    U                <\/span>\n                    <\/div>\n        <div class=\"ha-dual-btn-wrapper\">\n            <a class=\"ha-dual-btn ha-dual-btn--right\" href=\"\/sucre\/registro-de-oferentes\/\">\n                                                    <span >Ofrecer servicios<\/span>\n                                            <\/a>\n        <\/div>\n        \t\t\t\t<\/div>\n\t\t\t\t<\/div>\n\t\t\t\t<\/div>\n\t\t<div class=\"elementor-element elementor-element-75e1c41a e-con-full elementor-hidden-tablet elementor-hidden-mobile e-flex wpr-particle-no wpr-jarallax-no wpr-parallax-no wpr-sticky-section-no e-con e-child\" data-id=\"75e1c41a\" data-element_type=\"container\" data-settings=\"{&quot;_ha_eqh_enable&quot;:false}\">\n\t\t\t\t<\/div>\n\t\t\t\t<\/div>\n\t\t\t\t<\/div>\n\t\t","protected":false},"excerpt":{"rendered":"<p>Servicios en toda Bolivia U Ofrecer servicios Bolsa de Servicios Chuquisaca \u00bfQue es la bolsa de servicios infocal? \u00danete a nuestra comunidad Servicios en toda Bolivia U Ofrecer servicios Para ver la informaci\u00f3n de contacto, reg\u00edstrate o inicia sesi\u00f3n.<\/p>\n","protected":false},"author":1,"featured_media":0,"parent":0,"menu_order":0,"comment_status":"closed","ping_status":"closed","template":"","meta":{"site-sidebar-layout":"default","site-content-layout":"","ast-site-content-layout":"","site-content-style":"default","site-sidebar-style":"default","ast-global-header-display":"","ast-banner-title-visibility":"","ast-main-header-display":"","ast-hfb-above-header-display":"","ast-hfb-below-header-display":"","ast-hfb-mobile-header-display":"","site-post-title":"disabled","ast-breadcrumbs-content":"","ast-featured-img":"","footer-sml-layout":"","theme-transparent-header-meta":"","adv-header-id-meta":"","stick-header-meta":"","header-above-stick-meta":"","header-main-stick-meta":"","header-below-stick-meta":"","astra-migrate-meta-layouts":"default","ast-page-background-enabled":"default","ast-page-background-meta":{"desktop":{"background-color":"var(--ast-global-color-4)","background-image":"","background-repeat":"repeat","background-position":"center center","background-size":"auto","background-attachment":"scroll","background-type":"","background-media":"","overlay-type":"","overlay-color":"","overlay-opacity":"","overlay-gradient":""},"tablet":{"background-color":"","background-image":"","background-repeat":"repeat","background-position":"center center","background-size":"auto","background-attachment":"scroll","background-type":"","background-media":"","overlay-type":"","overlay-color":"","overlay-opacity":"","overlay-gradient":""},"mobile":{"background-color":"","background-image":"","background-repeat":"repeat","background-position":"center center","background-size":"auto","background-attachment":"scroll","background-type":"","background-media":"","overlay-type":"","overlay-color":"","overlay-opacity":"","overlay-gradient":""}},"ast-content-background-meta":{"desktop":{"background-color":"var(--ast-global-color-5)","background-image":"","background-repeat":"repeat","background-position":"center center","background-size":"auto","background-attachment":"scroll","background-type":"","background-media":"","overlay-type":"","overlay-color":"","overlay-opacity":"","overlay-gradient":""},"tablet":{"background-color":"var(--ast-global-color-5)","background-image":"","background-repeat":"repeat","background-position":"center center","background-size":"auto","background-attachment":"scroll","background-type":"","background-media":"","overlay-type":"","overlay-color":"","overlay-opacity":"","overlay-gradient":""},"mobile":{"background-color":"var(--ast-global-color-5)","background-image":"","background-repeat":"repeat","background-position":"center center","background-size":"auto","background-attachment":"scroll","background-type":"","background-media":"","overlay-type":"","overlay-color":"","overlay-opacity":"","overlay-gradient":""}},"footnotes":""},"class_list":["post-2","page","type-page","status-publish","hentry"],"_links":{"self":[{"href":"https:\/\/infocalservicios.com.bo\/sucre\/wp-json\/wp\/v2\/pages\/2","targetHints":{"allow":["GET"]}}],"collection":[{"href":"https:\/\/infocalservicios.com.bo\/sucre\/wp-json\/wp\/v2\/pages"}],"about":[{"href":"https:\/\/infocalservicios.com.bo\/sucre\/wp-json\/wp\/v2\/types\/page"}],"author":[{"embeddable":true,"href":"https:\/\/infocalservicios.com.bo\/sucre\/wp-json\/wp\/v2\/users\/1"}],"replies":[{"embeddable":true,"href":"https:\/\/infocalservicios.com.bo\/sucre\/wp-json\/wp\/v2\/comments?post=2"}],"version-history":[{"count":201,"href":"https:\/\/infocalservicios.com.bo\/sucre\/wp-json\/wp\/v2\/pages\/2\/revisions"}],"predecessor-version":[{"id":1108,"href":"https:\/\/infocalservicios.com.bo\/sucre\/wp-json\/wp\/v2\/pages\/2\/revisions\/1108"}],"wp:attachment":[{"href":"https:\/\/infocalservicios.com.bo\/sucre\/wp-json\/wp\/v2\/media?parent=2"}],"curies":[{"name":"wp","href":"https:\/\/api.w.org\/{rel}","templated":true}]}}