{"id":221,"date":"2024-09-18T22:29:04","date_gmt":"2024-09-18T22:29:04","guid":{"rendered":"https:\/\/infocalservicios.com.bo\/oruro\/forgot\/"},"modified":"2024-09-27T21:44:06","modified_gmt":"2024-09-27T21:44:06","slug":"forgot","status":"publish","type":"page","link":"https:\/\/infocalservicios.com.bo\/oruro\/forgot\/","title":{"rendered":"\u00bfHas olvidado tu contrase\u00f1a?"},"content":{"rendered":"\t\t<div data-elementor-type=\"wp-page\" data-elementor-id=\"221\" class=\"elementor elementor-221\" data-elementor-settings=\"{&quot;ha_cmc_init_switcher&quot;:&quot;no&quot;}\">\n\t\t\t\t\t\t<section class=\"elementor-section elementor-top-section elementor-element elementor-element-b2e853f elementor-section-height-min-height elementor-section-full_width elementor-section-stretched elementor-section-height-default elementor-section-items-middle wpr-particle-no wpr-jarallax-no wpr-parallax-no wpr-sticky-section-no\" data-id=\"b2e853f\" data-element_type=\"section\" data-settings=\"{&quot;background_background&quot;:&quot;classic&quot;,&quot;stretch_section&quot;:&quot;section-stretched&quot;}\">\n\t\t\t\t\t\t\t<div class=\"elementor-background-overlay\"><\/div>\n\t\t\t\t\t\t\t<div class=\"elementor-container elementor-column-gap-default\">\n\t\t\t\t\t<div class=\"elementor-column elementor-col-100 elementor-top-column elementor-element elementor-element-03bb6c7\" data-id=\"03bb6c7\" data-element_type=\"column\" data-settings=\"{&quot;background_background&quot;:&quot;classic&quot;}\">\n\t\t\t<div class=\"elementor-widget-wrap\">\n\t\t\t\t\t\t\t<\/div>\n\t\t<\/div>\n\t\t\t\t\t<\/div>\n\t\t<\/section>\n\t\t<div class=\"elementor-element elementor-element-3f885 e-flex e-con-boxed wpr-particle-no wpr-jarallax-no wpr-parallax-no wpr-sticky-section-no e-con e-parent\" data-id=\"3f885\" data-element_type=\"container\" data-settings=\"{&quot;_ha_eqh_enable&quot;:false}\">\n\t\t\t\t\t<div class=\"e-con-inner\">\n\t\t\t\t<div class=\"elementor-element elementor-element-31e3e239 elementor-widget elementor-widget-shortcode\" data-id=\"31e3e239\" data-element_type=\"widget\" data-widget_type=\"shortcode.default\">\n\t\t\t\t<div class=\"elementor-widget-container\">\n\t\t\t\t\t\t\t<div class=\"elementor-shortcode\"><div class=\"uwp-forgot-class bsui sdel-dcccbc9f\" ><div class=\"uwp_widgets uwp_widget_forgot\"><div class=\"uwp_page\">\t<div class=\"row\">\n\t\t<div class=\"card mx-auto container-fluid p-0 border-0\" >\n\t\t\t\t\t\t<div class=\"card-body\">\n\t\t\t\t<h3 class=\"card-title text-center mb-4\">Olvidaste tu contrase\u00f1a?<\/h3>\n\t\t\t\t\n\t\t\t\t<form class=\"uwp-forgot-form uwp_form\" method=\"post\">\n\n\t\t\t\t\t<div data-argument=\"email\" class=\"mb-3\" ><label for=\"email\" class=\"visually-hidden form-label\">Email <span class=\"text-danger\">*<\/span><\/label><input type=\"email\"  name=\"email\"  id=\"email\"  placeholder=\"Email *\"  title=\"Email\"  required  class=\"form-control \" ><\/div><input type=\"hidden\" name=\"uwp_forgot_nonce\" value=\"e3f1097051\" \/><button type=\"submit\"  name=\"uwp_forgot_submit\"  class=\"btn btn-primary w-100 text-uppercase uwp_forgot_submit\"  >Enviar<\/button>\n\n\t\t\t\t\t<div class=\"uwp-footer-links\">\n\t\t\t\t\t\t<div class=\"uwp-footer-link float-start\">\n\t\t\t\t\t\t\t<a href=\"https:\/\/infocalservicios.com.bo\/oruro\/login\/\" class=\"d-block text-center mt-2 small uwp-login-link\"  rel=\"nofollow\"  >Iniciar Sesi\u00f3n<\/a>\n\t\t\t\t\t\t<\/div>\n\t\t\t\t\t\t<div class=\"uwp-footer-link float-end\">\n\t\t\t\t\t\t\t<a href=\"https:\/\/infocalservicios.com.bo\/oruro\/registro-de-oferentes\/\" class=\"d-block text-center mt-2 small uwp-register-link\"  rel=\"nofollow\"  >Crear Cuenta<\/a>\n\t\t\t\t\t\t<\/div>\n\t\t\t\t\t<\/div>\n\n\t\t\t\t<\/form>\n\n\t\t\t<\/div>\n\t\t<\/div>\n\t<\/div>\n<\/div><\/div><\/div><\/div>\n\t\t\t\t\t\t<\/div>\n\t\t\t\t<\/div>\n\t\t\t\t\t<\/div>\n\t\t\t\t<\/div>\n\t\t\t\t<\/div>\n\t\t","protected":false},"excerpt":{"rendered":"<p>Para ver la informaci\u00f3n de contacto, reg\u00edstrate o inicia sesi\u00f3n.<\/p>\n","protected":false},"author":24,"featured_media":0,"parent":0,"menu_order":0,"comment_status":"closed","ping_status":"closed","template":"","meta":{"site-sidebar-layout":"default","site-content-layout":"","ast-site-content-layout":"","site-content-style":"default","site-sidebar-style":"default","ast-global-header-display":"","ast-banner-title-visibility":"","ast-main-header-display":"","ast-hfb-above-header-display":"","ast-hfb-below-header-display":"","ast-hfb-mobile-header-display":"","site-post-title":"disabled","ast-breadcrumbs-content":"","ast-featured-img":"","footer-sml-layout":"","theme-transparent-header-meta":"","adv-header-id-meta":"","stick-header-meta":"","header-above-stick-meta":"","header-main-stick-meta":"","header-below-stick-meta":"","astra-migrate-meta-layouts":"default","ast-page-background-enabled":"default","ast-page-background-meta":{"desktop":{"background-color":"var(--ast-global-color-4)","background-image":"","background-repeat":"repeat","background-position":"center center","background-size":"auto","background-attachment":"scroll","background-type":"","background-media":"","overlay-type":"","overlay-color":"","overlay-opacity":"","overlay-gradient":""},"tablet":{"background-color":"","background-image":"","background-repeat":"repeat","background-position":"center center","background-size":"auto","background-attachment":"scroll","background-type":"","background-media":"","overlay-type":"","overlay-color":"","overlay-opacity":"","overlay-gradient":""},"mobile":{"background-color":"","background-image":"","background-repeat":"repeat","background-position":"center center","background-size":"auto","background-attachment":"scroll","background-type":"","background-media":"","overlay-type":"","overlay-color":"","overlay-opacity":"","overlay-gradient":""}},"ast-content-background-meta":{"desktop":{"background-color":"var(--ast-global-color-5)","background-image":"","background-repeat":"repeat","background-position":"center center","background-size":"auto","background-attachment":"scroll","background-type":"","background-media":"","overlay-type":"","overlay-color":"","overlay-opacity":"","overlay-gradient":""},"tablet":{"background-color":"var(--ast-global-color-5)","background-image":"","background-repeat":"repeat","background-position":"center center","background-size":"auto","background-attachment":"scroll","background-type":"","background-media":"","overlay-type":"","overlay-color":"","overlay-opacity":"","overlay-gradient":""},"mobile":{"background-color":"var(--ast-global-color-5)","background-image":"","background-repeat":"repeat","background-position":"center center","background-size":"auto","background-attachment":"scroll","background-type":"","background-media":"","overlay-type":"","overlay-color":"","overlay-opacity":"","overlay-gradient":""}},"footnotes":""},"class_list":["post-221","page","type-page","status-publish","hentry"],"_links":{"self":[{"href":"https:\/\/infocalservicios.com.bo\/oruro\/wp-json\/wp\/v2\/pages\/221","targetHints":{"allow":["GET"]}}],"collection":[{"href":"https:\/\/infocalservicios.com.bo\/oruro\/wp-json\/wp\/v2\/pages"}],"about":[{"href":"https:\/\/infocalservicios.com.bo\/oruro\/wp-json\/wp\/v2\/types\/page"}],"author":[{"embeddable":true,"href":"https:\/\/infocalservicios.com.bo\/oruro\/wp-json\/wp\/v2\/users\/24"}],"replies":[{"embeddable":true,"href":"https:\/\/infocalservicios.com.bo\/oruro\/wp-json\/wp\/v2\/comments?post=221"}],"version-history":[{"count":9,"href":"https:\/\/infocalservicios.com.bo\/oruro\/wp-json\/wp\/v2\/pages\/221\/revisions"}],"predecessor-version":[{"id":1028,"href":"https:\/\/infocalservicios.com.bo\/oruro\/wp-json\/wp\/v2\/pages\/221\/revisions\/1028"}],"wp:attachment":[{"href":"https:\/\/infocalservicios.com.bo\/oruro\/wp-json\/wp\/v2\/media?parent=221"}],"curies":[{"name":"wp","href":"https:\/\/api.w.org\/{rel}","templated":true}]}}